{"id":364,"date":"2020-02-24T19:14:49","date_gmt":"2020-02-24T19:14:49","guid":{"rendered":"http:\/\/skintebobryggor.se\/category\/nyhet\/?page_id=364"},"modified":"2023-01-05T17:39:38","modified_gmt":"2023-01-05T16:39:38","slug":"styrelsen","status":"publish","type":"page","link":"https:\/\/skintebobryggor.se\/category\/nyhet\/styrelsen\/","title":{"rendered":"Styrelsen"},"content":{"rendered":"\n<p>Styrelsen best\u00e5r av:<\/p>\n\n\n\n<figure class=\"wp-block-table\"><table><tbody><tr><td>\n<strong>Ordf\u00f6rande<br><\/strong>Lars-Olof Albert<br><a href=\"mailto:ordf.fsb@gmail.com\">ordf.fsb@gmail.com<\/a> <\/td><td><\/td><\/tr><tr><td><strong>Sekreterare<br><\/strong>Peter Norlin<br><a href=\"mailto:sekr.fsb@gmail.com\">sekr.fsb@gmail.com<\/a><\/td><td>\n&nbsp;<\/td><\/tr><tr><td><strong>Kass\u00f6r<br><\/strong>Magnus W\u00e5nge<br><a href=\"mailto:kassor.fsb@gmail.com\">kassor.fsb@gmail.com<\/a><\/td><td><\/td><\/tr><tr><td><strong>Ansvarig b\u00e5tk\u00f6er, byten, k\u00f6p och f\u00f6rs\u00e4ljning<br><\/strong>Martin J\u00e4vert<br><a href=\"mailto:batplats.fsb@gmail.com\">batplats.fsb@gmail.com<\/a><\/td><td><\/td><\/tr><tr><td><strong>Vaktansvarig<br><\/strong>Svante Fogelhamre<br><a href=\"mailto:vakt.fsb@gmail.com\">vakt.fsb@gmail.com<\/a><\/td><td><\/td><\/tr><tr><td><strong>Ansvarig f\u00f6r arbetsdagar och l\u00f6pande byggarbeten<br><\/strong>Christian \u00c5berg<br><a href=\"mailto:arbete.fsb@gmail.com\">arbete.fsb@gmail.com<\/a><\/td><\/tr><\/tbody><\/table><\/figure>\n","protected":false},"excerpt":{"rendered":"<p>Styrelsen best\u00e5r av: Ordf\u00f6randeLars-Olof Albertordf.fsb@gmail.com SekreterarePeter Norlinsekr.fsb@gmail.com &nbsp; Kass\u00f6rMagnus W\u00e5ngekassor.fsb@gmail.com Ansvarig b\u00e5tk\u00f6er, byten, k\u00f6p och f\u00f6rs\u00e4ljningMartin J\u00e4vertbatplats.fsb@gmail.com VaktansvarigSvante Fogelhamrevakt.fsb@gmail.com Ansvarig f\u00f6r arbetsdagar och l\u00f6pande byggarbetenChristian \u00c5bergarbete.fsb@gmail.com<\/p>\n","protected":false},"author":1,"featured_media":0,"parent":0,"menu_order":0,"comment_status":"closed","ping_status":"closed","template":"","meta":{"footnotes":""},"class_list":["post-364","page","type-page","status-publish","hentry"],"jetpack_sharing_enabled":true,"jetpack_shortlink":"https:\/\/wp.me\/PalkXB-5S","_links":{"self":[{"href":"https:\/\/skintebobryggor.se\/category\/nyhet\/wp-json\/wp\/v2\/pages\/364","targetHints":{"allow":["GET"]}}],"collection":[{"href":"https:\/\/skintebobryggor.se\/category\/nyhet\/wp-json\/wp\/v2\/pages"}],"about":[{"href":"https:\/\/skintebobryggor.se\/category\/nyhet\/wp-json\/wp\/v2\/types\/page"}],"author":[{"embeddable":true,"href":"https:\/\/skintebobryggor.se\/category\/nyhet\/wp-json\/wp\/v2\/users\/1"}],"replies":[{"embeddable":true,"href":"https:\/\/skintebobryggor.se\/category\/nyhet\/wp-json\/wp\/v2\/comments?post=364"}],"version-history":[{"count":4,"href":"https:\/\/skintebobryggor.se\/category\/nyhet\/wp-json\/wp\/v2\/pages\/364\/revisions"}],"predecessor-version":[{"id":1418,"href":"https:\/\/skintebobryggor.se\/category\/nyhet\/wp-json\/wp\/v2\/pages\/364\/revisions\/1418"}],"wp:attachment":[{"href":"https:\/\/skintebobryggor.se\/category\/nyhet\/wp-json\/wp\/v2\/media?parent=364"}],"curies":[{"name":"wp","href":"https:\/\/api.w.org\/{rel}","templated":true}]}}