{"id":372,"date":"2020-02-24T19:12:32","date_gmt":"2020-02-24T19:12:32","guid":{"rendered":"http:\/\/skintebobryggor.se\/category\/nyhet\/?page_id=372"},"modified":"2024-06-17T21:12:29","modified_gmt":"2024-06-17T19:12:29","slug":"fortojning","status":"publish","type":"page","link":"https:\/\/skintebobryggor.se\/category\/nyhet\/fortojning\/","title":{"rendered":"F\u00f6rt\u00f6jning"},"content":{"rendered":"\n<p><strong>F\u00f6rt\u00f6j alltid f\u00f6r storm!<\/strong><\/p>\n\n\n\n<p><strong>Alla b\u00e5tplatser skall ha ryckd\u00e4mpare i v\u00e4stlig riktning, antingen tv\u00e5 i f\u00f6ren eller f\u00f6r sidoplatser en i f\u00f6rtampen och en i aktertamp som \u00e4r mot v\u00e4ster.<\/strong><\/p>\n\n\n\n<p><strong>OBS! Var noga med att f\u00f6rt\u00f6ja korrekt i de nya akterstolparna med plast\u00f6verdrag, se illustration nedan.<\/strong><\/p>\n\n\n\n<figure class=\"wp-block-image size-full\"><img loading=\"lazy\" decoding=\"async\" width=\"542\" height=\"598\" src=\"https:\/\/media.skintebobryggor.se\/2024\/06\/fortojning.jpg\" alt=\"\" class=\"wp-image-1587\" srcset=\"https:\/\/media.skintebobryggor.se\/2024\/06\/fortojning.jpg 542w, https:\/\/media.skintebobryggor.se\/2024\/06\/fortojning-272x300.jpg 272w\" sizes=\"auto, (max-width: 542px) 85vw, 542px\" \/><\/figure>\n\n\n\n<p><br>Fr\u00e5n och med 2019 f\u00e5r inga b\u00e5tar ligga i vattnet under vintern mellan 1\/12-1\/3. Vid undantagsfall kan tillst\u00e5nd s\u00f6kas hos styrelsen som d\u00e5 h\u00e4nvisar f\u00f6rt\u00f6jning av b\u00e5ten p\u00e5 en stormskyddad plats.<\/p>\n\n\n\n<p>Se till att dina fasta f\u00f6rt\u00f6jningar \u00e4r:<\/p>\n\n\n\n<p>\u2022 Av bra kvalit\u00e9 (ej slitna).<br>\u2022 Av r\u00e4tt dimension, se tabell nedan.<br>\u2022 S\u00e4kert fastsatta s\u00e5v\u00e4l iland som ombord.<\/p>\n\n\n\n<p><strong>Se \u00e4ven till att:<\/strong>&nbsp;&nbsp;&nbsp;<\/p>\n\n\n\n<p>\u2022 T\u00e4tningsb\u00e4lgar och \u00f6vriga genomf\u00f6ringar i motorbrunnen \u00e4r hela och inte l\u00e4cker.<br>\u2022 Kontrollera alla f\u00f6rt\u00f6jningsdetaljer varje \u00e5r.<br>\u2022 V\u00e5r rekommendation \u00e4r att alltid anv\u00e4nda fendrar, minst 2 p\u00e5 varje sida.<\/p>\n\n\n\n<figure class=\"wp-block-table\"><table><tbody><tr><td>B\u00e5tvikt<\/td><td>T\u00e5gvirkes- <br>dimension<br>polyestersilke<\/td><\/tr><tr><td>0,5 ton<\/td><td>10 mm<\/td><\/tr><tr><td>1,0 ton<\/td><td>12 mm<\/td><\/tr><tr><td>2,0 ton<\/td><td>14 mm<\/td><\/tr><tr><td>3,0 ton<\/td><td>16 mm<\/td><\/tr><tr><td>4,0 ton<\/td><td>18 mm<\/td><\/tr><tr><td>6,0 ton<\/td><td>20 mm<\/td><\/tr><tr><td>8,0 ton<\/td><td>22 mm<\/td><\/tr><\/tbody><\/table><\/figure>\n\n\n\n<p><strong>Ha alltid korslagda tampar i aktern, eller i f\u00f6ren om det \u00e4r den som \u00e4r f\u00e4st vid yttre stolparna<\/strong> <\/p>\n\n\n\n<p>Tamparna ska sitta med r\u00e4tt h\u00f6jd p\u00e5 stolparna, str\u00e4va efter att ha tamparna v\u00e5gr\u00e4ta ifr\u00e5n b\u00e5tens knapar till stolparna vid normalt vattenst\u00e5nd, har man tamparna v\u00e4ldigt h\u00f6gt p\u00e5 stolpen blir det h\u00e4vst\u00e5ng vid h\u00f6g-vatten och risk att b\u00e5ten sl\u00e5r i bryggan eller b\u00e5tgrannen.<\/p>\n","protected":false},"excerpt":{"rendered":"<p>F\u00f6rt\u00f6j alltid f\u00f6r storm! Alla b\u00e5tplatser skall ha ryckd\u00e4mpare i v\u00e4stlig riktning, antingen tv\u00e5 i f\u00f6ren eller f\u00f6r sidoplatser en i f\u00f6rtampen och en i aktertamp som \u00e4r mot v\u00e4ster. OBS! Var noga med att f\u00f6rt\u00f6ja korrekt i de nya akterstolparna med plast\u00f6verdrag, se illustration nedan. Fr\u00e5n och med 2019 f\u00e5r inga b\u00e5tar ligga i &hellip; <a href=\"https:\/\/skintebobryggor.se\/category\/nyhet\/fortojning\/\" class=\"more-link\">Forts\u00e4tt l\u00e4sa<span class=\"screen-reader-text\"> \u201dF\u00f6rt\u00f6jning\u201d<\/span><\/a><\/p>\n","protected":false},"author":1,"featured_media":0,"parent":0,"menu_order":0,"comment_status":"closed","ping_status":"closed","template":"","meta":{"jetpack_post_was_ever_published":false,"footnotes":""},"class_list":["post-372","page","type-page","status-publish","hentry"],"jetpack_sharing_enabled":true,"jetpack_shortlink":"https:\/\/wp.me\/PalkXB-60","_links":{"self":[{"href":"https:\/\/skintebobryggor.se\/category\/nyhet\/wp-json\/wp\/v2\/pages\/372","targetHints":{"allow":["GET"]}}],"collection":[{"href":"https:\/\/skintebobryggor.se\/category\/nyhet\/wp-json\/wp\/v2\/pages"}],"about":[{"href":"https:\/\/skintebobryggor.se\/category\/nyhet\/wp-json\/wp\/v2\/types\/page"}],"author":[{"embeddable":true,"href":"https:\/\/skintebobryggor.se\/category\/nyhet\/wp-json\/wp\/v2\/users\/1"}],"replies":[{"embeddable":true,"href":"https:\/\/skintebobryggor.se\/category\/nyhet\/wp-json\/wp\/v2\/comments?post=372"}],"version-history":[{"count":4,"href":"https:\/\/skintebobryggor.se\/category\/nyhet\/wp-json\/wp\/v2\/pages\/372\/revisions"}],"predecessor-version":[{"id":1589,"href":"https:\/\/skintebobryggor.se\/category\/nyhet\/wp-json\/wp\/v2\/pages\/372\/revisions\/1589"}],"wp:attachment":[{"href":"https:\/\/skintebobryggor.se\/category\/nyhet\/wp-json\/wp\/v2\/media?parent=372"}],"curies":[{"name":"wp","href":"https:\/\/api.w.org\/{rel}","templated":true}]}}