{"id":507,"date":"2020-03-08T15:08:28","date_gmt":"2020-03-08T15:08:28","guid":{"rendered":"http:\/\/skintebobryggor.se\/category\/nyhet\/?page_id=507"},"modified":"2020-03-09T20:20:00","modified_gmt":"2020-03-09T20:20:00","slug":"forslagslada","status":"publish","type":"page","link":"https:\/\/skintebobryggor.se\/category\/nyhet\/forslagslada\/","title":{"rendered":"F\u00f6rslagsl\u00e5da"},"content":{"rendered":"\n<p>Har du id\u00e9er p\u00e5 f\u00f6r\u00e4ndringar\/f\u00f6rb\u00e4ttringar. Skriv ner dem i formul\u00e4ret och skicka in till styrelsen. <\/p>\n\n\n<div class=\"wp-block-jetpack-contact-form is-layout-flex wp-container-jetpack-contact-form-is-layout-faa3ad1c wp-block-jetpack-contact-form-is-layout-flex\"><a href=\"https:\/\/skintebobryggor.se\/category\/nyhet\/forslagslada\/\" target=\"_blank\" rel=\"noopener noreferrer\">Skicka ett formul\u00e4r.<\/a><\/div>","protected":false},"excerpt":{"rendered":"<p>Har du id\u00e9er p\u00e5 f\u00f6r\u00e4ndringar\/f\u00f6rb\u00e4ttringar. Skriv ner dem i formul\u00e4ret och skicka in till styrelsen.<\/p>\n","protected":false},"author":1,"featured_media":0,"parent":0,"menu_order":0,"comment_status":"closed","ping_status":"closed","template":"","meta":{"footnotes":""},"class_list":["post-507","page","type-page","status-publish","hentry"],"jetpack_sharing_enabled":true,"jetpack_shortlink":"https:\/\/wp.me\/PalkXB-8b","_links":{"self":[{"href":"https:\/\/skintebobryggor.se\/category\/nyhet\/wp-json\/wp\/v2\/pages\/507","targetHints":{"allow":["GET"]}}],"collection":[{"href":"https:\/\/skintebobryggor.se\/category\/nyhet\/wp-json\/wp\/v2\/pages"}],"about":[{"href":"https:\/\/skintebobryggor.se\/category\/nyhet\/wp-json\/wp\/v2\/types\/page"}],"author":[{"embeddable":true,"href":"https:\/\/skintebobryggor.se\/category\/nyhet\/wp-json\/wp\/v2\/users\/1"}],"replies":[{"embeddable":true,"href":"https:\/\/skintebobryggor.se\/category\/nyhet\/wp-json\/wp\/v2\/comments?post=507"}],"version-history":[{"count":6,"href":"https:\/\/skintebobryggor.se\/category\/nyhet\/wp-json\/wp\/v2\/pages\/507\/revisions"}],"predecessor-version":[{"id":563,"href":"https:\/\/skintebobryggor.se\/category\/nyhet\/wp-json\/wp\/v2\/pages\/507\/revisions\/563"}],"wp:attachment":[{"href":"https:\/\/skintebobryggor.se\/category\/nyhet\/wp-json\/wp\/v2\/media?parent=507"}],"curies":[{"name":"wp","href":"https:\/\/api.w.org\/{rel}","templated":true}]}}