{"id":539,"date":"2020-03-09T19:27:08","date_gmt":"2020-03-09T19:27:08","guid":{"rendered":"http:\/\/skintebobryggor.se\/category\/nyhet\/?page_id=539"},"modified":"2020-09-03T20:25:37","modified_gmt":"2020-09-03T18:25:37","slug":"anmalan-till-batplatsko","status":"publish","type":"page","link":"https:\/\/skintebobryggor.se\/category\/nyhet\/anmalan-till-batplatsko\/","title":{"rendered":"Anm\u00e4lan till b\u00e5tplatsk\u00f6"},"content":{"rendered":"\n<p>Ange uppgifter nedan<br>N\u00e4r du skickat in formul\u00e4ret skall 250kr betalas i k\u00f6avgift, <a href=\"https:\/\/skintebobryggor.se\/category\/nyhet\/batplatsko\/\" data-type=\"page\" data-id=\"357\">se mer information.<\/a><\/p>\n\n\n<div class=\"wp-block-jetpack-contact-form is-layout-flex wp-container-jetpack-contact-form-is-layout-faa3ad1c wp-block-jetpack-contact-form-is-layout-flex\"><a href=\"https:\/\/skintebobryggor.se\/category\/nyhet\/anmalan-till-batplatsko\/\" target=\"_blank\" rel=\"noopener noreferrer\">Skicka ett formul\u00e4r.<\/a><\/div>","protected":false},"excerpt":{"rendered":"<p>Ange uppgifter nedanN\u00e4r du skickat in formul\u00e4ret skall 250kr betalas i k\u00f6avgift, se mer information.<\/p>\n","protected":false},"author":1,"featured_media":0,"parent":0,"menu_order":0,"comment_status":"closed","ping_status":"closed","template":"","meta":{"jetpack_post_was_ever_published":false,"footnotes":""},"class_list":["post-539","page","type-page","status-publish","hentry"],"jetpack_sharing_enabled":true,"jetpack_shortlink":"https:\/\/wp.me\/PalkXB-8H","_links":{"self":[{"href":"https:\/\/skintebobryggor.se\/category\/nyhet\/wp-json\/wp\/v2\/pages\/539","targetHints":{"allow":["GET"]}}],"collection":[{"href":"https:\/\/skintebobryggor.se\/category\/nyhet\/wp-json\/wp\/v2\/pages"}],"about":[{"href":"https:\/\/skintebobryggor.se\/category\/nyhet\/wp-json\/wp\/v2\/types\/page"}],"author":[{"embeddable":true,"href":"https:\/\/skintebobryggor.se\/category\/nyhet\/wp-json\/wp\/v2\/users\/1"}],"replies":[{"embeddable":true,"href":"https:\/\/skintebobryggor.se\/category\/nyhet\/wp-json\/wp\/v2\/comments?post=539"}],"version-history":[{"count":10,"href":"https:\/\/skintebobryggor.se\/category\/nyhet\/wp-json\/wp\/v2\/pages\/539\/revisions"}],"predecessor-version":[{"id":881,"href":"https:\/\/skintebobryggor.se\/category\/nyhet\/wp-json\/wp\/v2\/pages\/539\/revisions\/881"}],"wp:attachment":[{"href":"https:\/\/skintebobryggor.se\/category\/nyhet\/wp-json\/wp\/v2\/media?parent=539"}],"curies":[{"name":"wp","href":"https:\/\/api.w.org\/{rel}","templated":true}]}}