{"id":662,"date":"2020-04-14T20:22:15","date_gmt":"2020-04-14T18:22:15","guid":{"rendered":"http:\/\/skintebobryggor.se\/category\/nyhet\/?page_id=662"},"modified":"2021-01-31T18:09:18","modified_gmt":"2021-01-31T17:09:18","slug":"anmalan-till-kajak-ko","status":"publish","type":"page","link":"https:\/\/skintebobryggor.se\/category\/nyhet\/anmalan-till-kajak-ko\/","title":{"rendered":"Anm\u00e4lan till kajak\/optimist-k\u00f6"},"content":{"rendered":"\n<p>Ange uppgifter nedan f\u00f6r att anm\u00e4la dig f\u00f6r plats i kajak- eller optimistst\u00e4ll<br>N\u00e4r du skickat in formul\u00e4ret skall 75kr betalas i k\u00f6avgift &#8211; OBS! G\u00e4ller endast kajakk\u00f6n. <a href=\"https:\/\/skintebobryggor.se\/category\/nyhet\/batplatsko\/\">Se mer information.<\/a><\/p>\n\n\n<div class=\"wp-block-jetpack-contact-form is-layout-flex wp-container-jetpack-contact-form-is-layout-faa3ad1c wp-block-jetpack-contact-form-is-layout-flex\"><a href=\"https:\/\/skintebobryggor.se\/category\/nyhet\/anmalan-till-kajak-ko\/\" target=\"_blank\" rel=\"noopener noreferrer\">Skicka ett formul\u00e4r.<\/a><\/div>\n\n\n<p><\/p>\n","protected":false},"excerpt":{"rendered":"<p>Ange uppgifter nedan f\u00f6r att anm\u00e4la dig f\u00f6r plats i kajak- eller optimistst\u00e4llN\u00e4r du skickat in formul\u00e4ret skall 75kr betalas i k\u00f6avgift &#8211; OBS! G\u00e4ller endast kajakk\u00f6n. Se mer information.<\/p>\n","protected":false},"author":1,"featured_media":0,"parent":0,"menu_order":0,"comment_status":"closed","ping_status":"closed","template":"","meta":{"jetpack_post_was_ever_published":false,"footnotes":""},"class_list":["post-662","page","type-page","status-publish","hentry"],"jetpack_sharing_enabled":true,"jetpack_shortlink":"https:\/\/wp.me\/PalkXB-aG","_links":{"self":[{"href":"https:\/\/skintebobryggor.se\/category\/nyhet\/wp-json\/wp\/v2\/pages\/662","targetHints":{"allow":["GET"]}}],"collection":[{"href":"https:\/\/skintebobryggor.se\/category\/nyhet\/wp-json\/wp\/v2\/pages"}],"about":[{"href":"https:\/\/skintebobryggor.se\/category\/nyhet\/wp-json\/wp\/v2\/types\/page"}],"author":[{"embeddable":true,"href":"https:\/\/skintebobryggor.se\/category\/nyhet\/wp-json\/wp\/v2\/users\/1"}],"replies":[{"embeddable":true,"href":"https:\/\/skintebobryggor.se\/category\/nyhet\/wp-json\/wp\/v2\/comments?post=662"}],"version-history":[{"count":9,"href":"https:\/\/skintebobryggor.se\/category\/nyhet\/wp-json\/wp\/v2\/pages\/662\/revisions"}],"predecessor-version":[{"id":964,"href":"https:\/\/skintebobryggor.se\/category\/nyhet\/wp-json\/wp\/v2\/pages\/662\/revisions\/964"}],"wp:attachment":[{"href":"https:\/\/skintebobryggor.se\/category\/nyhet\/wp-json\/wp\/v2\/media?parent=662"}],"curies":[{"name":"wp","href":"https:\/\/api.w.org\/{rel}","templated":true}]}}