{"id":747,"date":"2022-03-29T07:00:00","date_gmt":"2022-03-29T05:00:00","guid":{"rendered":"http:\/\/skintebobryggor.se\/category\/nyhet\/?page_id=747"},"modified":"2026-02-01T12:37:06","modified_gmt":"2026-02-01T11:37:06","slug":"sjosattning-2","status":"publish","type":"page","link":"https:\/\/skintebobryggor.se\/category\/nyhet\/sjosattning-2\/","title":{"rendered":"Sj\u00f6s\u00e4ttning och Upptagning 2026"},"content":{"rendered":"\n<p><strong><br><\/strong>Bokningen f\u00f6r sj\u00f6s\u00e4ttning \u00f6ppnar den 6e April 08:00.<br>Sj\u00f6s\u00e4ttningsdagar \u00e4r den 9e och 23e Maj.<\/p>\n\n\n\n<p>Bokningen f\u00f6r upptagningen \u00f6ppnar den 10e Augusti 08:00.<br>Upptagningsdagar \u00e4r den 5e och 26e September.<\/p>\n\n\n\n<p>Kontakta&nbsp;<a href=\"mailto:anders.odehn@edwards.se\" target=\"_blank\" rel=\"noreferrer noopener\">anders.odehn@edwards.se<\/a>&nbsp;f\u00f6r bokning.<\/p>\n\n\n\n<p><\/p>\n","protected":false},"excerpt":{"rendered":"<p>Bokningen f\u00f6r sj\u00f6s\u00e4ttning \u00f6ppnar den 6e April 08:00.Sj\u00f6s\u00e4ttningsdagar \u00e4r den 9e och 23e Maj. Bokningen f\u00f6r upptagningen \u00f6ppnar den 10e Augusti 08:00.Upptagningsdagar \u00e4r den 5e och 26e September. Kontakta&nbsp;anders.odehn@edwards.se&nbsp;f\u00f6r bokning.<\/p>\n","protected":false},"author":1,"featured_media":0,"parent":0,"menu_order":0,"comment_status":"closed","ping_status":"closed","template":"","meta":{"jetpack_post_was_ever_published":false,"footnotes":""},"class_list":["post-747","page","type-page","status-publish","hentry"],"jetpack_sharing_enabled":true,"jetpack_shortlink":"https:\/\/wp.me\/PalkXB-c3","_links":{"self":[{"href":"https:\/\/skintebobryggor.se\/category\/nyhet\/wp-json\/wp\/v2\/pages\/747","targetHints":{"allow":["GET"]}}],"collection":[{"href":"https:\/\/skintebobryggor.se\/category\/nyhet\/wp-json\/wp\/v2\/pages"}],"about":[{"href":"https:\/\/skintebobryggor.se\/category\/nyhet\/wp-json\/wp\/v2\/types\/page"}],"author":[{"embeddable":true,"href":"https:\/\/skintebobryggor.se\/category\/nyhet\/wp-json\/wp\/v2\/users\/1"}],"replies":[{"embeddable":true,"href":"https:\/\/skintebobryggor.se\/category\/nyhet\/wp-json\/wp\/v2\/comments?post=747"}],"version-history":[{"count":21,"href":"https:\/\/skintebobryggor.se\/category\/nyhet\/wp-json\/wp\/v2\/pages\/747\/revisions"}],"predecessor-version":[{"id":1892,"href":"https:\/\/skintebobryggor.se\/category\/nyhet\/wp-json\/wp\/v2\/pages\/747\/revisions\/1892"}],"wp:attachment":[{"href":"https:\/\/skintebobryggor.se\/category\/nyhet\/wp-json\/wp\/v2\/media?parent=747"}],"curies":[{"name":"wp","href":"https:\/\/api.w.org\/{rel}","templated":true}]}}